{"id":89,"date":"2010-06-25T23:14:57","date_gmt":"2010-06-25T23:14:57","guid":{"rendered":"http:\/\/www.studio7.com.br\/eventos\/?page_id=89"},"modified":"2014-03-09T23:55:25","modified_gmt":"2014-03-09T23:55:25","slug":"gustavo-vanassi-perfil-profissional","status":"publish","type":"page","link":"http:\/\/www.gustavovanassi.com\/blog\/gustavo-vanassi-perfil-profissional\/","title":{"rendered":"Gustavo Vanassi"},"content":{"rendered":"<p><img loading=\"lazy\" decoding=\"async\" class=\"size-full wp-image-1627 aligncenter\" alt=\"bio\" src=\"http:\/\/www.gustavovanassi.com\/blog\/wp-content\/uploads\/2010\/06\/bio1.png\" width=\"150\" height=\"157\" \/><\/p>\n<p>&nbsp;<\/p>\n<p>Nascido\u00a0em uma tradicional fam\u00edlia de fot\u00f3grafos, Gustavo foi envolvido desde cedo no mundo da imagem e fotografia. Seu pai Nadir e sua M\u00e3e Ros\u00e2ngela s\u00e3o especialistas em retratos e sempre trabalharam com registros especiais de casamentos, passando essa paix\u00e3o para os filhos.<\/p>\n<p>Sua carreira come\u00e7ou como laboratorista, quando revelava fotografias em c\u00e2mara escura para fot\u00f3grafos da serra ga\u00facha. Nesse per\u00edodo, aprendeu muito sobre o processo fotogr\u00e1fico e pegou gosto por criar efeitos nas imagens. Durante essa fase, come\u00e7ou a clicar profissionalmente e virou aprendiz de seu pai, que lhe ensinou como criar magia em momentos fotografados, usando o controle e equil\u00edbrio das luzes.<\/p>\n<p>Com a chegada da fotografia digital, Gustavo rapidamente dominou a nova tecnologia, montando em parceria com seu irm\u00e3o e professor, <a href=\"http:\/\/eduardovanassi.com\" target=\"_blank\">Eduardo Vanassi<\/a>, o primeiro est\u00fadio fotogr\u00e1fico 100% digital do Brasil, na loja do <a href=\"http:\/\/studio7.com.br\">Studio 7<\/a> de Caxias do Sul.<\/p>\n<p>A tecnologia digital trouxe muitas possibilidades para o mercado e Gustavo queria explorar todas, por isso, especializou-se em gerenciamento e processamento de imagens digitais e montagem de opera\u00e7\u00f5es para est\u00fadios.<\/p>\n<p>Mas apenas tecnologia de nada vale se o olhar do fot\u00f3grafo n\u00e3o for sens\u00edvel e apurado, por isso, buscando oferecer diferenciais realmente especiais no seu trabalho, graduou-se em Publicidade e Propaganda com \u00eanfase em design e rodou o pa\u00eds estudando fotografia e artes visuais com profissionais do Brasil e do exterior, em in\u00fameros cursos, palestras, eventos e workshops. Nessas andan\u00e7as apaixonou-se pelo fotojornalismo.<\/p>\n<p>Com o conhecimento adquirido e a experi\u00eancia de dezenas de casamentos fotografados, logo virou professor de fotografia social e, buscando aprimorar suas habilidades empreendedoras, p\u00f3s graduou-se em marketing pela Funda\u00e7\u00e3o Get\u00falio Vargas.<\/p>\n<p>Hoje, Gustavo Vanassi \u00e9 um dos mais diferenciados profissionais do mercado de fotografia do Rio Grande do Sul, devido \u00e0 seu olhar art\u00edstico \u00fanico e seu refinado n\u00edvel t\u00e9cnico, obtido em especializa\u00e7\u00f5es polivalentes que poucos fot\u00f3grafos possuem.<\/p>\n<p>Atualmente administra com sua fam\u00edlia o <a href=\"http:\/\/studio7.com.br\">Studio 7<\/a> em Caxias do Sul &#8211; RS, trocando id\u00e9ias com seus pais e sua irm\u00e3, <a href=\"http:\/\/bookdos15.com.br\" target=\"_blank\">Amanda Vanassi<\/a> (fot\u00f3grafa refer\u00eancia no mercado de est\u00fadios), al\u00e9m de manter projetos em parceria com seu irm\u00e3o <a href=\"http:\/\/eduardovanassi.com\">Eduardo Vanassi<\/a> (destaque nacional em fotografia de casamentos), para desenvolvimento t\u00e9cnico e profissional.<\/p>\n<p>Em maio de 2012, Gustavo foi agraciado com o 2\u00b0 lugar no Pr\u00eamio Wedding Brasil, a mais importante premia\u00e7\u00e3o da fotografia de casamentos na Am\u00e9rica Latina, onde concorreu com galerias de mais de 580 fot\u00f3grafos do mundo todo. Foi a primeira vez que um fot\u00f3grafo ga\u00facho chegou t\u00e3o alto no ranking da premia\u00e7\u00e3o.<\/p>\n","protected":false},"excerpt":{"rendered":"<p>&nbsp; Nascido\u00a0em uma tradicional fam\u00edlia de fot\u00f3grafos, Gustavo foi envolvido desde cedo no mundo da imagem e fotografia. Seu pai Nadir e sua M\u00e3e Ros\u00e2ngela s\u00e3o especialistas em retratos e sempre trabalharam com registros especiais de casamentos, passando essa paix\u00e3o para os filhos. Sua carreira come\u00e7ou como laboratorista, quando revelava fotografias em c\u00e2mara escura para [&hellip;]<\/p>\n","protected":false},"author":2,"featured_media":91,"parent":0,"menu_order":0,"comment_status":"open","ping_status":"open","template":"","meta":{"footnotes":""},"class_list":["post-89","page","type-page","status-publish","has-post-thumbnail","hentry"],"_links":{"self":[{"href":"http:\/\/www.gustavovanassi.com\/blog\/wp-json\/wp\/v2\/pages\/89","targetHints":{"allow":["GET"]}}],"collection":[{"href":"http:\/\/www.gustavovanassi.com\/blog\/wp-json\/wp\/v2\/pages"}],"about":[{"href":"http:\/\/www.gustavovanassi.com\/blog\/wp-json\/wp\/v2\/types\/page"}],"author":[{"embeddable":true,"href":"http:\/\/www.gustavovanassi.com\/blog\/wp-json\/wp\/v2\/users\/2"}],"replies":[{"embeddable":true,"href":"http:\/\/www.gustavovanassi.com\/blog\/wp-json\/wp\/v2\/comments?post=89"}],"version-history":[{"count":10,"href":"http:\/\/www.gustavovanassi.com\/blog\/wp-json\/wp\/v2\/pages\/89\/revisions"}],"predecessor-version":[{"id":1635,"href":"http:\/\/www.gustavovanassi.com\/blog\/wp-json\/wp\/v2\/pages\/89\/revisions\/1635"}],"wp:featuredmedia":[{"embeddable":true,"href":"http:\/\/www.gustavovanassi.com\/blog\/wp-json\/wp\/v2\/media\/91"}],"wp:attachment":[{"href":"http:\/\/www.gustavovanassi.com\/blog\/wp-json\/wp\/v2\/media?parent=89"}],"curies":[{"name":"wp","href":"https:\/\/api.w.org\/{rel}","templated":true}]}}