{"id":314,"date":"2010-07-23T16:05:16","date_gmt":"2010-07-23T16:05:16","guid":{"rendered":"http:\/\/www.studio7.com.br\/eventos\/"},"modified":"2013-10-31T23:58:44","modified_gmt":"2013-10-31T23:58:44","slug":"orcamentos","status":"publish","type":"page","link":"http:\/\/www.gustavovanassi.com\/blog\/orcamentos\/","title":{"rendered":"Investimento"},"content":{"rendered":"<p>Por favor preencha o formul\u00e1rio. Nossa equipe far\u00e1 contato e uma proposta ser\u00e1 enviada para seu email.<\/p>\n<p>Campos marcados com <span style=\"color: #ff0000;\">*<\/span> s\u00e3o de preenchimento obrigat\u00f3rio.<\/p>\n<p>&nbsp;<\/p>\n\n<div class=\"wpcf7 no-js\" id=\"wpcf7-f1589-o1\" lang=\"pt-BR\" dir=\"ltr\" data-wpcf7-id=\"1589\">\n<div class=\"screen-reader-response\"><p role=\"status\" aria-live=\"polite\" aria-atomic=\"true\"><\/p> <ul><\/ul><\/div>\n<form action=\"\/blog\/wp-json\/wp\/v2\/pages\/314#wpcf7-f1589-o1\" method=\"post\" class=\"wpcf7-form init\" aria-label=\"Formul\u00e1rios de contato\" novalidate=\"novalidate\" data-status=\"init\">\n<fieldset class=\"hidden-fields-container\"><input type=\"hidden\" name=\"_wpcf7\" value=\"1589\" \/><input type=\"hidden\" name=\"_wpcf7_version\" value=\"6.1.4\" \/><input type=\"hidden\" name=\"_wpcf7_locale\" value=\"pt_BR\" \/><input type=\"hidden\" name=\"_wpcf7_unit_tag\" value=\"wpcf7-f1589-o1\" \/><input type=\"hidden\" name=\"_wpcf7_container_post\" value=\"0\" \/><input type=\"hidden\" name=\"_wpcf7_posted_data_hash\" value=\"\" \/>\n<\/fieldset>\n<p>[contact-form-7 id=\"1589\" title=\"Or\u00e7amento\"]\n<\/p>\n<table cellpadding=\"2\">\n\t<tr valign=\"top\">\n\t\t<td align=\"right\" width=\"45%\">\n\t\t\t<p>Seu nome\n\t\t\t<\/p>\n\t\t<\/td>\n\t\t<td align=\"left\">\n\t\t\t<p><span class=\"wpcf7-form-control-wrap\" data-name=\"Name\"><input size=\"40\" maxlength=\"400\" class=\"wpcf7-form-control wpcf7-text wpcf7-validates-as-required\" aria-required=\"true\" aria-invalid=\"false\" value=\"\" type=\"text\" name=\"Name\" \/><\/span><b>*<\/b>\n\t\t\t<\/p>\n\t\t<\/td>\n\t<\/tr>\n\t<tr valign=\"top\">\n\t\t<td align=\"right\">\n\t\t\t<p>Seu e-mail\n\t\t\t<\/p>\n\t\t<\/td>\n\t\t<td align=\"left\">\n\t\t\t<p><span class=\"wpcf7-form-control-wrap\" data-name=\"Email\"><input size=\"40\" maxlength=\"400\" class=\"wpcf7-form-control wpcf7-email wpcf7-validates-as-required wpcf7-text wpcf7-validates-as-email\" aria-required=\"true\" aria-invalid=\"false\" value=\"\" type=\"email\" name=\"Email\" \/><\/span><b>*<\/b>\n\t\t\t<\/p>\n\t\t<\/td>\n\t<\/tr>\n\t<tr valign=\"top\">\n\t\t<td align=\"right\">\n\t\t\t<p>Telefone com DDD\n\t\t\t<\/p>\n\t\t<\/td>\n\t\t<td align=\"left\">\n\t\t\t<p><span class=\"wpcf7-form-control-wrap\" data-name=\"Telefone\"><input size=\"40\" maxlength=\"400\" class=\"wpcf7-form-control wpcf7-text wpcf7-validates-as-required\" aria-required=\"true\" aria-invalid=\"false\" value=\"(00) 0000.0000\" type=\"text\" name=\"Telefone\" \/><\/span><b>*<\/b>\n\t\t\t<\/p>\n\t\t<\/td>\n\t<\/tr>\n\t<tr>\n\t\t<td align=\"right\">\n\t\t\t<p>Cidade:\n\t\t\t<\/p>\n\t\t<\/td>\n\t\t<td align=\"left\">\n\t\t\t<p><span class=\"wpcf7-form-control-wrap\" data-name=\"your-city\"><input size=\"40\" maxlength=\"400\" class=\"wpcf7-form-control wpcf7-text wpcf7-validates-as-required\" aria-required=\"true\" aria-invalid=\"false\" value=\"\" type=\"text\" name=\"your-city\" \/><\/span><b>*<\/b>\n\t\t\t<\/p>\n\t\t<\/td>\n\t<\/tr>\n\t<tr valign=\"top\">\n\t\t<td align=\"right\">\n\t\t\t<p>Estado\n\t\t\t<\/p>\n\t\t<\/td>\n\t\t<td align=\"left\">\n\t\t\t<p><span class=\"wpcf7-form-control-wrap\" data-name=\"Estado\"><select class=\"wpcf7-form-control wpcf7-select\" aria-invalid=\"false\" name=\"Estado\"><option value=\"\">&#8212;Escolha uma op\u00e7\u00e3o&#8212;<\/option><option value=\"AC\">AC<\/option><option value=\"AL\">AL<\/option><option value=\"AP\">AP<\/option><option value=\"AM\">AM<\/option><option value=\"BA\">BA<\/option><option value=\"CE\">CE<\/option><option value=\"DF\">DF<\/option><option value=\"ES\">ES<\/option><option value=\"GO\">GO<\/option><option value=\"MA\">MA<\/option><option value=\"MT\">MT<\/option><option value=\"MS\">MS<\/option><option value=\"MG\">MG<\/option><option value=\"PA\">PA<\/option><option value=\"PB\">PB<\/option><option value=\"PR\">PR<\/option><option value=\"PE\">PE<\/option><option value=\"PI\">PI<\/option><option value=\"RJ\">RJ<\/option><option value=\"RN\">RN<\/option><option value=\"RS\">RS<\/option><option value=\"RO\">RO<\/option><option value=\"RR\">RR<\/option><option value=\"SC\">SC<\/option><option value=\"SP\">SP<\/option><option value=\"SE\">SE<\/option><option value=\"TO\">TO<\/option><\/select><\/span><b>*<\/b>\n\t\t\t<\/p>\n\t\t<\/td>\n\t<\/tr>\n\t<tr valign=\"top\">\n\t\t<td align=\"right\">\n\t\t\t<p>Tipo de Or\u00e7amento <b>*<\/b>\n\t\t\t<\/p>\n\t\t<\/td>\n\t\t<td align=\"left\">\n\t\t\t<p><span class=\"wpcf7-form-control-wrap\" data-name=\"TipodeOrcamento\"><span class=\"wpcf7-form-control wpcf7-radio\"><span class=\"wpcf7-list-item first\"><input type=\"radio\" name=\"TipodeOrcamento\" value=\"Casamento\" \/><span class=\"wpcf7-list-item-label\">Casamento<\/span><\/span><span class=\"wpcf7-list-item\"><input type=\"radio\" name=\"TipodeOrcamento\" value=\"Festa de 15 anos\" \/><span class=\"wpcf7-list-item-label\">Festa de 15 anos<\/span><\/span><span class=\"wpcf7-list-item\"><input type=\"radio\" name=\"TipodeOrcamento\" value=\"Ensaio de Casal\" \/><span class=\"wpcf7-list-item-label\">Ensaio de Casal<\/span><\/span><span class=\"wpcf7-list-item last\"><input type=\"radio\" name=\"TipodeOrcamento\" value=\"Outro Evento\" \/><span class=\"wpcf7-list-item-label\">Outro Evento<\/span><\/span><\/span><\/span>\n\t\t\t<\/p>\n\t\t<\/td>\n\t<\/tr>\n\t<tr>\n\t\t<td align=\"right\">\n\t\t\t<p>Nome da Noiva\n\t\t\t<\/p>\n\t\t<\/td>\n\t\t<td align=\"left\">\n\t\t\t<p><span class=\"wpcf7-form-control-wrap\" data-name=\"noiva\"><input size=\"40\" maxlength=\"400\" class=\"wpcf7-form-control wpcf7-text wpcf7-validates-as-required\" aria-required=\"true\" aria-invalid=\"false\" value=\"\" type=\"text\" name=\"noiva\" \/><\/span><b>*<\/b>\n\t\t\t<\/p>\n\t\t<\/td>\n\t<\/tr>\n\t<tr valign=\"top\">\n\t\t<td align=\"right\">\n\t\t\t<p>Nome da Noivo\n\t\t\t<\/p>\n\t\t<\/td>\n\t\t<td align=\"left\">\n\t\t\t<p><span class=\"wpcf7-form-control-wrap\" data-name=\"noivo\"><input size=\"40\" maxlength=\"400\" class=\"wpcf7-form-control wpcf7-text\" aria-invalid=\"false\" value=\"\" type=\"text\" name=\"noivo\" \/><\/span>\n\t\t\t<\/p>\n\t\t<\/td>\n\t<\/tr>\n\t<tr valign=\"top\">\n\t\t<td align=\"right\">\n\t\t\t<p>Data do Evento\n\t\t\t<\/p>\n\t\t<\/td>\n\t\t<td align=\"left\">\n\t\t\t<p><span class=\"wpcf7-form-control-wrap\" data-name=\"DatadoEvento\"><span class=\"wpcf7-form-control wpcf7-radio\"><span class=\"wpcf7-list-item first\"><input type=\"radio\" name=\"DatadoEvento\" value=\"A definir\" \/><span class=\"wpcf7-list-item-label\">A definir<\/span><\/span><span class=\"wpcf7-list-item last\"><input type=\"radio\" name=\"DatadoEvento\" value=\"Marcada para:\" \/><span class=\"wpcf7-list-item-label\">Marcada para:<\/span><\/span><\/span><\/span><br \/>\n<span class=\"wpcf7-form-control-wrap\" data-name=\"data\"><input size=\"40\" maxlength=\"400\" class=\"wpcf7-form-control wpcf7-text\" aria-invalid=\"false\" value=\"dd\/mm\/aaaa\" type=\"text\" name=\"data\" \/><\/span>\n\t\t\t<\/p>\n\t\t<\/td>\n\t<\/tr>\n\t<tr valign=\"top\">\n\t\t<td align=\"right\">\n\t\t\t<p>N\u00famero de Convidados\n\t\t\t<\/p>\n\t\t<\/td>\n\t\t<td align=\"left\">\n\t\t\t<p><span class=\"wpcf7-form-control-wrap\" data-name=\"convidados\"><input size=\"40\" maxlength=\"400\" class=\"wpcf7-form-control wpcf7-text wpcf7-validates-as-required\" aria-required=\"true\" aria-invalid=\"false\" value=\"\" type=\"text\" name=\"convidados\" \/><\/span><b>*<\/b>\n\t\t\t<\/p>\n\t\t<\/td>\n\t<\/tr>\n\t<tr valign=\"top\">\n\t\t<td align=\"right\">\n\t\t\t<p>Local da Cerim\u00f4nia\n\t\t\t<\/p>\n\t\t<\/td>\n\t\t<td align=\"left\">\n\t\t\t<p><span class=\"wpcf7-form-control-wrap\" data-name=\"localCerimonia\"><input size=\"40\" maxlength=\"400\" class=\"wpcf7-form-control wpcf7-text\" aria-invalid=\"false\" value=\"\" type=\"text\" name=\"localCerimonia\" \/><\/span>\n\t\t\t<\/p>\n\t\t<\/td>\n\t<\/tr>\n\t<tr valign=\"top\">\n\t\t<td align=\"right\">\n\t\t\t<p>Local da Recep\u00e7\u00e3o\n\t\t\t<\/p>\n\t\t<\/td>\n\t\t<td align=\"left\">\n\t\t\t<p><span class=\"wpcf7-form-control-wrap\" data-name=\"localRecepcao\"><input size=\"40\" maxlength=\"400\" class=\"wpcf7-form-control wpcf7-text\" aria-invalid=\"false\" value=\"\" type=\"text\" name=\"localRecepcao\" \/><\/span>\n\t\t\t<\/p>\n\t\t<\/td>\n\t<\/tr>\n\t<tr valign=\"top\">\n\t\t<td align=\"right\">\n\t\t\t<p>Mensagem\n\t\t\t<\/p>\n\t\t<\/td>\n\t\t<td align=\"left\">\n\t\t\t<p><span class=\"wpcf7-form-control-wrap\" data-name=\"Mensagem\"><textarea cols=\"40\" rows=\"3\" maxlength=\"2000\" class=\"wpcf7-form-control wpcf7-textarea\" aria-invalid=\"false\" name=\"Mensagem\"><\/textarea><\/span>\n\t\t\t<\/p>\n\t\t<\/td>\n\t<\/tr>\n\t<tr valign=\"top\">\n\t\t<td align=\"right\">\n\t\t\t<p>Como soube do meu site <b>*<\/b>\n\t\t\t<\/p>\n\t\t<\/td>\n\t\t<td align=\"left\">\n\t\t\t<p><span class=\"wpcf7-form-control-wrap\" data-name=\"Comosoubedomeusite\"><span class=\"wpcf7-form-control wpcf7-radio\"><span class=\"wpcf7-list-item first\"><input type=\"radio\" name=\"Comosoubedomeusite\" value=\"Indica\u00e7\u00e3o\" \/><span class=\"wpcf7-list-item-label\">Indica\u00e7\u00e3o<\/span><\/span><span class=\"wpcf7-list-item\"><input type=\"radio\" name=\"Comosoubedomeusite\" value=\"An\u00fancio\" \/><span class=\"wpcf7-list-item-label\">An\u00fancio<\/span><\/span><span class=\"wpcf7-list-item\"><input type=\"radio\" name=\"Comosoubedomeusite\" value=\"Site de busca\" \/><span class=\"wpcf7-list-item-label\">Site de busca<\/span><\/span><span class=\"wpcf7-list-item last\"><input type=\"radio\" name=\"Comosoubedomeusite\" value=\"Outro\" \/><span class=\"wpcf7-list-item-label\">Outro<\/span><\/span><\/span><\/span><br \/>\nQual? <span class=\"wpcf7-form-control-wrap\" data-name=\"qual\"><input size=\"40\" maxlength=\"400\" class=\"wpcf7-form-control wpcf7-text\" aria-invalid=\"false\" value=\"\" type=\"text\" name=\"qual\" \/><\/span>\n\t\t\t<\/p>\n\t\t<\/td>\n\t<\/tr>\n\t<tr valign=\"top\">\n\t\t<td>\n\t\t<\/td>\n\t\t<td>\n\t\t\t<p><input class=\"wpcf7-form-control wpcf7-submit has-spinner\" type=\"submit\" value=\"Enviar\" \/>\n\t\t\t<\/p>\n\t\t<\/td>\n\t<\/tr>\n<\/table><p style=\"display: none !important;\" class=\"akismet-fields-container\" data-prefix=\"_wpcf7_ak_\"><label>&#916;<textarea name=\"_wpcf7_ak_hp_textarea\" cols=\"45\" rows=\"8\" maxlength=\"100\"><\/textarea><\/label><input type=\"hidden\" id=\"ak_js_1\" name=\"_wpcf7_ak_js\" value=\"228\"\/><script>document.getElementById( \"ak_js_1\" ).setAttribute( \"value\", ( new Date() ).getTime() );<\/script><\/p><div class=\"wpcf7-response-output\" aria-hidden=\"true\"><\/div>\n<\/form>\n<\/div>\n\n","protected":false},"excerpt":{"rendered":"<p>Por favor preencha o formul\u00e1rio. Nossa equipe far\u00e1 contato e uma proposta ser\u00e1 enviada para seu email. Campos marcados com * s\u00e3o de preenchimento obrigat\u00f3rio. &nbsp;<\/p>\n","protected":false},"author":3,"featured_media":0,"parent":0,"menu_order":0,"comment_status":"open","ping_status":"open","template":"","meta":{"footnotes":""},"class_list":["post-314","page","type-page","status-publish","hentry"],"_links":{"self":[{"href":"http:\/\/www.gustavovanassi.com\/blog\/wp-json\/wp\/v2\/pages\/314","targetHints":{"allow":["GET"]}}],"collection":[{"href":"http:\/\/www.gustavovanassi.com\/blog\/wp-json\/wp\/v2\/pages"}],"about":[{"href":"http:\/\/www.gustavovanassi.com\/blog\/wp-json\/wp\/v2\/types\/page"}],"author":[{"embeddable":true,"href":"http:\/\/www.gustavovanassi.com\/blog\/wp-json\/wp\/v2\/users\/3"}],"replies":[{"embeddable":true,"href":"http:\/\/www.gustavovanassi.com\/blog\/wp-json\/wp\/v2\/comments?post=314"}],"version-history":[{"count":2,"href":"http:\/\/www.gustavovanassi.com\/blog\/wp-json\/wp\/v2\/pages\/314\/revisions"}],"predecessor-version":[{"id":1591,"href":"http:\/\/www.gustavovanassi.com\/blog\/wp-json\/wp\/v2\/pages\/314\/revisions\/1591"}],"wp:attachment":[{"href":"http:\/\/www.gustavovanassi.com\/blog\/wp-json\/wp\/v2\/media?parent=314"}],"curies":[{"name":"wp","href":"https:\/\/api.w.org\/{rel}","templated":true}]}}