{"id":2,"date":"2013-10-08T18:14:15","date_gmt":"2013-10-08T18:14:15","guid":{"rendered":"http:\/\/www.gustavovanassi.com\/blog_novo\/?page_id=2"},"modified":"2014-03-10T02:26:03","modified_gmt":"2014-03-10T02:26:03","slug":"pagina-exemplo","status":"publish","type":"page","link":"http:\/\/www.gustavovanassi.com\/blog\/pagina-exemplo\/","title":{"rendered":"Pr\u00eamios"},"content":{"rendered":"<p>Com um trabalho reconhecido por seu esJlo autoral e alta qualidade, n\u00e3o s\u00f3 pelos clientes, mas pelo mercado fotogr\u00e1fico, Gustavo Vanassi conquistou o 2\u00ba lugar entre mais de 580 fot\u00f3grafos da Am\u00e9rica e da Europa no Pr\u00eamio Wedding Brasil 2012, a mais importante e prestigiada premia\u00e7\u00e3o do mercado profissional de fotografia de casamentos na Am\u00e9rica Latina.<\/p>\n<p>Com um j\u00fari composto por alguns dos principais fot\u00f3grafos brasileiros, Gustavo foi homenageado e se tornou o primeiro fot\u00f3grafo ga\u00facho a ir t\u00e3o alto no ranking da premia\u00e7\u00e3o.<\/p>\n<p>Esse reconhecimento e respeito dos melhores fot\u00f3grafos do Brasil tamb\u00e9m \u00e9 fruto das palestras e workshops de fotografia que Gustavo ministra em todo pa\u00eds para o mercado profissional.<\/p>\n<p>Em 2013 Gustavo palestrou no\u00a0<b>Congresso Wedding Brasil<\/b>\u00a0e ganhou pr\u00eamios internacionais: nos EUA com a\u00a0<b>Fearless Photographers<\/b>\u00a0e na Europa, no\u00a0<b>Photo Annual Awards<\/b>, onde ganhou o Grand Prix na categoria de fotos de casamentos.<\/p>\n","protected":false},"excerpt":{"rendered":"<p>Com um trabalho reconhecido por seu esJlo autoral e alta qualidade, n\u00e3o s\u00f3 pelos clientes, mas pelo mercado fotogr\u00e1fico, Gustavo Vanassi conquistou o 2\u00ba lugar entre mais de 580 fot\u00f3grafos da Am\u00e9rica e da Europa no Pr\u00eamio Wedding Brasil 2012, a mais importante e prestigiada premia\u00e7\u00e3o do mercado profissional de fotografia de casamentos na Am\u00e9rica [&hellip;]<\/p>\n","protected":false},"author":1,"featured_media":0,"parent":0,"menu_order":0,"comment_status":"open","ping_status":"open","template":"","meta":{"footnotes":""},"class_list":["post-2","page","type-page","status-publish","hentry"],"_links":{"self":[{"href":"http:\/\/www.gustavovanassi.com\/blog\/wp-json\/wp\/v2\/pages\/2","targetHints":{"allow":["GET"]}}],"collection":[{"href":"http:\/\/www.gustavovanassi.com\/blog\/wp-json\/wp\/v2\/pages"}],"about":[{"href":"http:\/\/www.gustavovanassi.com\/blog\/wp-json\/wp\/v2\/types\/page"}],"author":[{"embeddable":true,"href":"http:\/\/www.gustavovanassi.com\/blog\/wp-json\/wp\/v2\/users\/1"}],"replies":[{"embeddable":true,"href":"http:\/\/www.gustavovanassi.com\/blog\/wp-json\/wp\/v2\/comments?post=2"}],"version-history":[{"count":1,"href":"http:\/\/www.gustavovanassi.com\/blog\/wp-json\/wp\/v2\/pages\/2\/revisions"}],"predecessor-version":[{"id":1483,"href":"http:\/\/www.gustavovanassi.com\/blog\/wp-json\/wp\/v2\/pages\/2\/revisions\/1483"}],"wp:attachment":[{"href":"http:\/\/www.gustavovanassi.com\/blog\/wp-json\/wp\/v2\/media?parent=2"}],"curies":[{"name":"wp","href":"https:\/\/api.w.org\/{rel}","templated":true}]}}