{"id":198,"date":"2010-07-09T21:34:45","date_gmt":"2010-07-09T21:34:45","guid":{"rendered":"http:\/\/www.studio7.com.br\/eventos\/?page_id=198"},"modified":"2014-03-10T02:23:30","modified_gmt":"2014-03-10T02:23:30","slug":"depoimentos-de-clientes","status":"publish","type":"page","link":"http:\/\/www.gustavovanassi.com\/blog\/depoimentos-de-clientes\/","title":{"rendered":"Depoimentos"},"content":{"rendered":"<p>Al\u00e9m dos coment\u00e1rios de cada post, abaixo voc\u00ea pode conferir alguns depoimentos dos nossos clientes.<\/p>\n<p>___________________________________________<\/p>\n<p>&nbsp;<\/p>\n<p><img loading=\"lazy\" decoding=\"async\" class=\"size-full wp-image-1636 aligncenter\" alt=\"marcela\" src=\"http:\/\/www.gustavovanassi.com\/blog\/wp-content\/uploads\/2010\/07\/marcela.png\" width=\"150\" height=\"150\" \/><\/p>\n<h3><a href=\"http:\/\/www.gustavovanassi.com\/blog\/?p=465\"><strong>Marcela Fagundes da Silva e Gustavo Echer Maciel<\/strong><\/a><\/h3>\n<p style=\"text-align: center;\">&#8220;Ao escolher o fot\u00f3grafo para nosso grande dia, j\u00e1 sab\u00edamos que o m\u00ednimo que poder\u00edamos esperar do Gustavo e de sua equipe, seria um excelente trabalho. Mas ao conferir o resultado, fomos surpreendidos pela grandeza dos detalhes captados, a sensibilidade, a emo\u00e7\u00e3o registrada em cada momento. O dia mais feliz de nossas vidas foi belamente eternizado pelos teus cliques e, como j\u00e1 te falei, vai passar uma vida e n\u00e3o vamos conseguir te agradecer o suficiente. Come\u00e7ando pelo contato inicial, continuando pelas dicas valios\u00edssimas para o grande dia, at\u00e9 a cobertura do evento em si, o Gustavo e toda a equipe foram impec\u00e1veis. Todos trabalhando sorrindo, nos passando muita energia boa. Gustavo, mais que um excelente profissional, tu \u00e9 gente fina pra caramba! Abra\u00e7\u00e3o dos teus eternos f\u00e3s e admiradores.&#8221;<\/p>\n<p>&nbsp;<\/p>\n<p>___________________________________________<\/p>\n<p>&nbsp;<\/p>\n<p><img loading=\"lazy\" decoding=\"async\" class=\"aligncenter size-full wp-image-1643\" alt=\"ana\" src=\"http:\/\/www.gustavovanassi.com\/blog\/wp-content\/uploads\/2010\/07\/ana.png\" width=\"150\" height=\"150\" \/><\/p>\n<h3><a href=\"http:\/\/www.gustavovanassi.com\/blog\/?p=450\"><strong>Ana Roberta Trentin e Rafael Sortica de Bittencourt<\/strong><\/a><\/h3>\n<p><em>&#8220;Caro Gustavo, queremos por meio dessa mensagem agradecer pelo excelente trabalho que voc\u00ea e sua equipe fizeram em nosso casamento. Saibam que, pra n\u00f3s, voc\u00eas s\u00e3o os melhores fot\u00f3grafos que j\u00e1 conhecemos. Estamos muito satisfeitos! O atendimento realizado pelo Studio 7 \u00e9 fora do comum, nos sentimos no meio de amigos e de pessoas encantadoras que amam o trabalho que realizam e com isso fazem nos sentirmos muito bem e \u00e0 vontade. O \u00e1lbum, as fotos, a montagem, est\u00e3o em uma harmonia e em uma perfei\u00e7\u00e3o que podemos voltar no tempo e sentir as mesmas sensa\u00e7\u00f5es passadas no dia que jamais sair\u00e1 dos nossos pensamentos, o nosso casamento. Muito obrigado por nos proporcionar essa emo\u00e7\u00e3o ao vermos nossas fotos. Um forte abra\u00e7o dos admiradores e amigos.&#8221;<\/em><\/p>\n<p>&nbsp;<\/p>\n<p>___________________________________________<\/p>\n<p>&nbsp;<br \/>\n<img loading=\"lazy\" decoding=\"async\" class=\"aligncenter size-full wp-image-1645\" alt=\"giovana\" src=\"http:\/\/www.gustavovanassi.com\/blog\/wp-content\/uploads\/2010\/07\/giovana.png\" width=\"150\" height=\"150\" \/><\/p>\n<h3><a href=\"http:\/\/www.gustavovanassi.com\/blog\/2010\/10\/08\/02102010-casamento-giovana-eduardo\/\"><strong>Giovana Rigo e Eduardo Borges da Silva<\/strong><\/a><\/h3>\n<p><em>&#8220;Gustavoo, agradecemos imensamente a voc\u00ea e a toda sua equipe pelo excelente trabalho, por todo suporte que nos foi dado antes, durante e depois do casamento. Realmente a seriedade, o profissionalismo e o bom humor de todos voc\u00eas garantem uma harmonia perfeita que faz a diferen\u00e7a. Obrigado por tudo o que nos foi feito e por terem eternizado da melhor maneira poss\u00edvel esse momento t\u00e3o especial em nossas vidas!!! Um grande beijo e muito sucesso!&#8221;<\/em><\/p>\n<p>&nbsp;<br \/>\n___________________________________________<\/p>\n<p>&nbsp;<\/p>\n<p><img loading=\"lazy\" decoding=\"async\" class=\"aligncenter size-full wp-image-1647\" alt=\"francele\" src=\"http:\/\/www.gustavovanassi.com\/blog\/wp-content\/uploads\/2010\/07\/francele.png\" width=\"150\" height=\"150\" \/><\/p>\n<h3><a href=\"http:\/\/www.gustavovanassi.com\/blog\/?page_id=198\"><strong>Francele Tais Grillo e Tiago de Aguiar Cardoso<\/strong><\/a><\/h3>\n<p><em>&#8220;Gustavo, gostariamos de parabenizar voc\u00ea e toda sua equipe pela aten\u00e7\u00e3o, cuidado, carinho, simpatia e profissionalismo que tiveram durante o nosso casamento. A aten\u00e7\u00e3o e cuidado que voc\u00eas t\u00eam em deixar o dia realmente perfeito para o casal \u00e9 surpreendente. O carinho com que voc\u00eas conduzem o ensaio \u00e9 perfeito. A simpatia que voc\u00eas tem com os convidados deixa a festa mais alegre e o profissionalismo com que voc\u00eas tratam tudo isso \u00e9 simplesmente o m\u00e1ximo. Parab\u00e9ns! Um super abra\u00e7o!&#8221;<\/em><\/p>\n<p>&nbsp;<br \/>\n___________________________________________<\/p>\n<p>&nbsp;<br \/>\n<img loading=\"lazy\" decoding=\"async\" class=\"aligncenter size-full wp-image-1649\" alt=\"grasiela\" src=\"http:\/\/www.gustavovanassi.com\/blog\/wp-content\/uploads\/2010\/07\/grasiela.png\" width=\"150\" height=\"150\" \/><\/p>\n<h3><a href=\"http:\/\/www.gustavovanassi.com\/blog\/?p=209\"><strong>Grasiela Massoni e Ricardo Weber Bocca<\/strong><\/a><\/h3>\n<p><em>&#8220;Nosso casamento foi um momento inesquecivel, mas essa frase certamente todos que casam falam. Nos queriamos uma festa alegre e divertida, onde o pessoal conseguisse se sentir \u00e0 vontade e, ao mesmo tempo, que fosse uma festa bonita. Conseguimos um resultado \u00f3timo, tudo ocorreu como gostar\u00edamos. N\u00e3o tivemos filmagem, portanto todas nossas apostas foram num trabalho fotogr\u00e1fico de qualidade. Optamos ent\u00e3o pelo Studio 7 onde o Gustavo teria a important\u00edssima miss\u00e3o de ser o \u00fanico a registrar nossa festa. Estamos muito felizes pela escolha, pois o Gustavo atendeu todas as nossas expectativas como profissional e como pessoa. Aos que optarem pelo trabalho do Gustavo, saibam que optaram por um trabalho de qualidade e comprometido. Abra\u00e7os.&#8221;<\/em><\/p>\n<p>&nbsp;<\/p>\n<p>___________________________________________<\/p>\n<p>&nbsp;<\/p>\n<p><img loading=\"lazy\" decoding=\"async\" class=\"aligncenter size-full wp-image-1650\" alt=\"carla\" src=\"http:\/\/www.gustavovanassi.com\/blog\/wp-content\/uploads\/2010\/07\/carla.png\" width=\"150\" height=\"150\" \/><\/p>\n<h3><a href=\"http:\/\/www.gustavovanassi.com\/blog\/?p=83\"><strong>Carla Raquel da Silva e Levi Eduardo Viezzer<\/strong><\/a><\/h3>\n<p><em>&#8220;Querido Gustavo! Cada vez que olhamos nossas fotos ficamos emocionados! Ficaram lindas&#8230; S\u00f3 temos que agradecer todo o carinho e aten\u00e7\u00e3o dispensados ao longo dos preparativos do nosso casamento! Voc\u00eas s\u00e3o incr\u00edveis, extremamente competentes e criativos! N\u00e3o cansamos de recomendar aos nossos amigos o trabalho de voc\u00eas\u2026 Obrigado por tudo! Voc\u00eas s\u00e3o nota 10 e o sucesso sem d\u00favida \u00e9 mais que merecido! Aguardamos a visita de voc\u00eas pra um churras! =) Beijos carinhosos pra equipe toda.&#8221;<\/em><\/p>\n<p>&nbsp;<br \/>\n___________________________________________<br \/>\n&nbsp;<\/p>\n<p><img loading=\"lazy\" decoding=\"async\" class=\"aligncenter size-full wp-image-1651\" alt=\"carla\" src=\"http:\/\/www.gustavovanassi.com\/blog\/wp-content\/uploads\/2010\/07\/carla1.png\" width=\"150\" height=\"150\" \/><\/p>\n<h3><a href=\"http:\/\/www.gustavovanassi.com\/blog\/?p=204\"><strong>Maria Cristine Onzi e M\u00e1rcio Paniz<\/strong><\/a><\/h3>\n<p><em>&#8220;O Gustavo \u00e9 um fot\u00f3grafo maravilhoso&#8230; Ficamos muito felizes com seu trabalho para o nosso casamento. Ele \u00e9 demais! Tanto \u00e9, que j\u00e1 temos fot\u00f3grafo agora para a nossa vida toda. =) Queremos que ele fa\u00e7a nosso book de gravidez, as fotos do nosso filhotinho ou filhotinha, e por a\u00ed afora&#8230; Na verdade estamos bem tranquilos, pois temos fot\u00f3grafo at\u00e9 para as nossas bodas de ouro, hehehe&#8230; Ele ganhou nossa total confian\u00e7a pelo maravilhoso atendimento, desde a primeira vez at\u00e9 depois do casamento&#8230; Gustavo, vc est\u00e1 contratado pra sempre&#8230; ok? \ud83d\ude09 Parab\u00e9ns! Abra\u00e7\u00e3o do casal mais maluquinho do mundo.&#8221; <\/em><\/p>\n<p>&nbsp;<\/p>\n<p>___________________________________________<\/p>\n<p>&nbsp;<\/p>\n<p><img loading=\"lazy\" decoding=\"async\" class=\"aligncenter size-full wp-image-1652\" alt=\"cristine\" src=\"http:\/\/www.gustavovanassi.com\/blog\/wp-content\/uploads\/2010\/07\/cristine.png\" width=\"150\" height=\"150\" \/><\/p>\n<h3><a href=\"http:\/\/www.gustavovanassi.com\/blog\/?p=120\"><strong>Cristine Maso Jeusti e Ricardo Bof<\/strong><\/a><\/h3>\n<p><em>&#8220;Escolher o Studio 7 para fotografar nosso casamento foi essencial para que tudo ficasse perfeito, pois o Gustavo foi maravilhoso em seu trabalho, clicou fotos inesquec\u00edveis e que fazem os momentos saltarem do \u00e1lbum. As fotos revelam cada sentimento, cada sorriso, a alegria de nossos pais e familiares&#8230; E a catedral ficou maravilhosa! Todos os detalhes aparecem nas fotos. Todos que curtiram nosso \u00e1lbum disseram que nunca viram nada t\u00e3o lindo na vida, e isso porque o Gustavo consegue retratar os momentos de uma maneira excepcional, como poucos. Outro ponto que nos agradou muito foi a aten\u00e7\u00e3o que recebemos no dia em que fomos conhecer o Studio 7. O Gustavo foi muito atencioso e gentil e realmente nos encantou. Vimos que pod\u00edamos confiar nele. Mais um ponto especial foi a prepara\u00e7\u00e3o realizada uns dias antes do casamento, conversamos com o Gustavo sobre os m\u00ednimos detalhes, que no momento fizeram toda a diferen\u00e7a, al\u00e9m de ficarmos muito tranq\u00fcilos para o grande dia! Aquela reuni\u00e3o valeu ouro! Por isso ele \u00e9 t\u00e3o diferenciado! Gostar\u00edamos de deixar tamb\u00e9m um agradecimento especial para a equipe (Nadir e Rose), que no dia foi excepcional com todos n\u00f3s, nos ajudaram muito! Gustavo, desejamos a voc\u00ea todo o sucesso do mundo, continue realizando esse trabalho lind\u00edssimo e \u00fanico, voc\u00ea com certeza mora em nossos cora\u00e7\u00f5es! Um abra\u00e7\u00e3o!&#8221;<\/em><\/p>\n","protected":false},"excerpt":{"rendered":"<p>Al\u00e9m dos coment\u00e1rios de cada post, abaixo voc\u00ea pode conferir alguns depoimentos dos nossos clientes. ___________________________________________ &nbsp; Marcela Fagundes da Silva e Gustavo Echer Maciel &#8220;Ao escolher o fot\u00f3grafo para nosso grande dia, j\u00e1 sab\u00edamos que o m\u00ednimo que poder\u00edamos esperar do Gustavo e de sua equipe, seria um excelente trabalho. Mas ao conferir o [&hellip;]<\/p>\n","protected":false},"author":2,"featured_media":1513,"parent":0,"menu_order":0,"comment_status":"open","ping_status":"open","template":"","meta":{"footnotes":""},"class_list":["post-198","page","type-page","status-publish","has-post-thumbnail","hentry"],"_links":{"self":[{"href":"http:\/\/www.gustavovanassi.com\/blog\/wp-json\/wp\/v2\/pages\/198","targetHints":{"allow":["GET"]}}],"collection":[{"href":"http:\/\/www.gustavovanassi.com\/blog\/wp-json\/wp\/v2\/pages"}],"about":[{"href":"http:\/\/www.gustavovanassi.com\/blog\/wp-json\/wp\/v2\/types\/page"}],"author":[{"embeddable":true,"href":"http:\/\/www.gustavovanassi.com\/blog\/wp-json\/wp\/v2\/users\/2"}],"replies":[{"embeddable":true,"href":"http:\/\/www.gustavovanassi.com\/blog\/wp-json\/wp\/v2\/comments?post=198"}],"version-history":[{"count":15,"href":"http:\/\/www.gustavovanassi.com\/blog\/wp-json\/wp\/v2\/pages\/198\/revisions"}],"predecessor-version":[{"id":1657,"href":"http:\/\/www.gustavovanassi.com\/blog\/wp-json\/wp\/v2\/pages\/198\/revisions\/1657"}],"wp:featuredmedia":[{"embeddable":true,"href":"http:\/\/www.gustavovanassi.com\/blog\/wp-json\/wp\/v2\/media\/1513"}],"wp:attachment":[{"href":"http:\/\/www.gustavovanassi.com\/blog\/wp-json\/wp\/v2\/media?parent=198"}],"curies":[{"name":"wp","href":"https:\/\/api.w.org\/{rel}","templated":true}]}}